{"id":13216,"date":"2024-03-12T01:24:51","date_gmt":"2024-03-12T06:24:51","guid":{"rendered":"https:\/\/salmon-monkey-543042.hostingersite.com\/?page_id=13216"},"modified":"2024-03-14T10:44:55","modified_gmt":"2024-03-14T15:44:55","slug":"servicio-de-ortodoncia","status":"publish","type":"page","link":"https:\/\/perezymarmolejo.com\/?page_id=13216","title":{"rendered":"Servicio de Ortodoncia"},"content":{"rendered":"\t\t<div data-elementor-type=\"wp-page\" data-elementor-id=\"13216\" class=\"elementor elementor-13216\" data-elementor-post-type=\"page\">\n\t\t\t\t\t\t<section class=\"elementor-section elementor-top-section elementor-element elementor-element-148310b elementor-section-content-middle elementor-section-stretched elementor-section-boxed elementor-section-height-default elementor-section-height-default\" data-id=\"148310b\" data-element_type=\"section\" data-e-type=\"section\" data-settings=\"{&quot;stretch_section&quot;:&quot;section-stretched&quot;,&quot;background_background&quot;:&quot;classic&quot;,&quot;shape_divider_bottom&quot;:&quot;curve&quot;}\">\n\t\t\t\t\t\t\t<div class=\"elementor-background-overlay\"><\/div>\n\t\t\t\t\t\t<div class=\"elementor-shape elementor-shape-bottom\" aria-hidden=\"true\" data-negative=\"false\">\n\t\t\t<svg xmlns=\"http:\/\/www.w3.org\/2000\/svg\" viewBox=\"0 0 1000 100\" preserveAspectRatio=\"none\">\n    <path class=\"elementor-shape-fill\" d=\"M1000,4.3V0H0v4.3C0.9,23.1,126.7,99.2,500,100S1000,22.7,1000,4.3z\"\/>\n<\/svg>\t\t<\/div>\n\t\t\t\t\t<div class=\"elementor-container elementor-column-gap-default\">\n\t\t\t\t\t<div class=\"elementor-column elementor-col-100 elementor-top-column elementor-element elementor-element-382ec47\" data-id=\"382ec47\" data-element_type=\"column\" data-e-type=\"column\">\n\t\t\t<div class=\"elementor-widget-wrap elementor-element-populated\">\n\t\t\t\t\t\t<div class=\"elementor-element elementor-element-42208ad elementor-widget elementor-widget-heading\" data-id=\"42208ad\" data-element_type=\"widget\" data-e-type=\"widget\" data-widget_type=\"heading.default\">\n\t\t\t\t<div class=\"elementor-widget-container\">\n\t\t\t\t\t<h1 class=\"elementor-heading-title elementor-size-default\">Servicio de Ortodoncia<\/h1>\t\t\t\t<\/div>\n\t\t\t\t<\/div>\n\t\t\t\t<div class=\"elementor-element elementor-element-335a3fa elementor-widget elementor-widget-text-editor\" data-id=\"335a3fa\" data-element_type=\"widget\" data-e-type=\"widget\" data-widget_type=\"text-editor.default\">\n\t\t\t\t<div class=\"elementor-widget-container\">\n\t\t\t\t\t\t\t\t\tEs el tratamiento ideal para pacientes que desean tratamientos totalmente est\u00e9ticos, que no pueden asistir constantemente a su control de ortodoncia.\n\n\t\t\t\t\t\t\t\t<\/div>\n\t\t\t\t<\/div>\n\t\t\t\t\t<\/div>\n\t\t<\/div>\n\t\t\t\t\t<\/div>\n\t\t<\/section>\n\t\t\t\t<section class=\"elementor-section elementor-top-section elementor-element elementor-element-4b3d04a elementor-section-content-middle elementor-section-stretched elementor-reverse-tablet elementor-reverse-mobile elementor-section-boxed elementor-section-height-default elementor-section-height-default\" data-id=\"4b3d04a\" data-element_type=\"section\" data-e-type=\"section\" data-settings=\"{&quot;stretch_section&quot;:&quot;section-stretched&quot;,&quot;background_background&quot;:&quot;classic&quot;}\">\n\t\t\t\t\t\t\t<div class=\"elementor-background-overlay\"><\/div>\n\t\t\t\t\t\t\t<div class=\"elementor-container elementor-column-gap-default\">\n\t\t\t\t\t<div class=\"elementor-column elementor-col-50 elementor-top-column elementor-element elementor-element-a96409f\" data-id=\"a96409f\" data-element_type=\"column\" data-e-type=\"column\">\n\t\t\t<div class=\"elementor-widget-wrap elementor-element-populated\">\n\t\t\t\t\t\t<div class=\"elementor-element elementor-element-9325a2f elementor-widget elementor-widget-heading\" data-id=\"9325a2f\" data-element_type=\"widget\" data-e-type=\"widget\" data-widget_type=\"heading.default\">\n\t\t\t\t<div class=\"elementor-widget-container\">\n\t\t\t\t\t<h2 class=\"elementor-heading-title elementor-size-default\">Como lo hacemos?<\/h2>\t\t\t\t<\/div>\n\t\t\t\t<\/div>\n\t\t\t\t<div class=\"elementor-element elementor-element-026f907 elementor-widget elementor-widget-heading\" data-id=\"026f907\" data-element_type=\"widget\" data-e-type=\"widget\" data-widget_type=\"heading.default\">\n\t\t\t\t<div class=\"elementor-widget-container\">\n\t\t\t\t\t<p class=\"elementor-heading-title elementor-size-default\">Por medio de la ortodoncia podemos obtener una sonrisa alineada, armoniosa y est\u00e9tica, la ortodoncia anteriormente se referenciaba con los Brackets pero en la actualidad manejamos ortodoncias totalmente est\u00e9ticas sin necesidad de Brackets y con tiempos de tratamientos mucho mas cortos. por eso queremos que conozcas cada uno de los tratamientos de ortodoncia que podemos brindarte en el consultorio Dras Perez y Marmolejo.<\/p>\t\t\t\t<\/div>\n\t\t\t\t<\/div>\n\t\t\t\t<div class=\"elementor-element elementor-element-0659f12 elementor-widget elementor-widget-text-editor\" data-id=\"0659f12\" data-element_type=\"widget\" data-e-type=\"widget\" data-widget_type=\"text-editor.default\">\n\t\t\t\t<div class=\"elementor-widget-container\">\n\t\t\t\t\t\t\t\t\t<p>El especialista analizar\u00e1 tu caso, y te recomendar\u00e1 cual es tratamiento ideal para ti.<\/p><ul><li>Ortodoncia convencional con Brackets met\u00e1licos mini Roth<\/li><li>Ortodoncia por medio de brackets cer\u00e1micos<\/li><li>Ortodoncia cristal zafiro<\/li><li>Ortodoncia con Brackets de autoligado met\u00e1licos o est\u00e9ticos<\/li><li>Ortodoncia invisible (placas o alineadores transparentes)<\/li><\/ul>\t\t\t\t\t\t\t\t<\/div>\n\t\t\t\t<\/div>\n\t\t\t\t<div class=\"elementor-element elementor-element-95c1a12 elementor-align-left elementor-mobile-align-center elementor-widget elementor-widget-button\" data-id=\"95c1a12\" data-element_type=\"widget\" data-e-type=\"widget\" data-widget_type=\"button.default\">\n\t\t\t\t<div class=\"elementor-widget-container\">\n\t\t\t\t\t\t\t\t\t<div class=\"elementor-button-wrapper\">\n\t\t\t\t\t<a class=\"elementor-button elementor-button-link elementor-size-xl elementor-animation-shrink\" href=\"https:\/\/wa.link\/ra2p0j\">\n\t\t\t\t\t\t<span class=\"elementor-button-content-wrapper\">\n\t\t\t\t\t\t\t\t\t<span class=\"elementor-button-text\">HABLAR CON UN ASESOR<\/span>\n\t\t\t\t\t<\/span>\n\t\t\t\t\t<\/a>\n\t\t\t\t<\/div>\n\t\t\t\t\t\t\t\t<\/div>\n\t\t\t\t<\/div>\n\t\t\t\t\t<\/div>\n\t\t<\/div>\n\t\t\t\t<div class=\"elementor-column elementor-col-50 elementor-top-column elementor-element elementor-element-97afde7\" data-id=\"97afde7\" data-element_type=\"column\" data-e-type=\"column\">\n\t\t\t<div class=\"elementor-widget-wrap elementor-element-populated\">\n\t\t\t\t\t\t<section class=\"elementor-section elementor-inner-section elementor-element elementor-element-628b65b elementor-section-full_width elementor-section-height-default elementor-section-height-default\" data-id=\"628b65b\" data-element_type=\"section\" data-e-type=\"section\">\n\t\t\t\t\t\t<div class=\"elementor-container elementor-column-gap-default\">\n\t\t\t\t\t<div class=\"elementor-column elementor-col-50 elementor-inner-column elementor-element elementor-element-119fa5c\" data-id=\"119fa5c\" data-element_type=\"column\" data-e-type=\"column\" data-settings=\"{&quot;background_background&quot;:&quot;classic&quot;}\">\n\t\t\t<div class=\"elementor-widget-wrap elementor-element-populated\">\n\t\t\t\t\t<div class=\"elementor-background-overlay\"><\/div>\n\t\t\t\t\t\t<div class=\"elementor-element elementor-element-e08f172 elementor-widget elementor-widget-heading\" data-id=\"e08f172\" data-element_type=\"widget\" data-e-type=\"widget\" data-widget_type=\"heading.default\">\n\t\t\t\t<div class=\"elementor-widget-container\">\n\t\t\t\t\t<h4 class=\"elementor-heading-title elementor-size-default\">PROFESIONALES<\/h4>\t\t\t\t<\/div>\n\t\t\t\t<\/div>\n\t\t\t\t<div class=\"elementor-element elementor-element-44abb56 elementor-widget elementor-widget-heading\" data-id=\"44abb56\" data-element_type=\"widget\" data-e-type=\"widget\" data-widget_type=\"heading.default\">\n\t\t\t\t<div class=\"elementor-widget-container\">\n\t\t\t\t\t<h6 class=\"elementor-heading-title elementor-size-default\">Altamente capacitados<\/h6>\t\t\t\t<\/div>\n\t\t\t\t<\/div>\n\t\t\t\t<div class=\"elementor-element elementor-element-c6afc4c elementor-widget elementor-widget-image\" data-id=\"c6afc4c\" data-element_type=\"widget\" data-e-type=\"widget\" data-widget_type=\"image.default\">\n\t\t\t\t<div class=\"elementor-widget-container\">\n\t\t\t\t\t\t\t\t\t\t\t\t\t\t\t<img fetchpriority=\"high\" decoding=\"async\" width=\"640\" height=\"480\" src=\"https:\/\/perezymarmolejo.com\/wp-content\/uploads\/2024\/03\/lina-1-640x480-1.jpg\" class=\"attachment-full size-full wp-image-13232\" alt=\"\" srcset=\"https:\/\/perezymarmolejo.com\/wp-content\/uploads\/2024\/03\/lina-1-640x480-1.jpg 640w, https:\/\/perezymarmolejo.com\/wp-content\/uploads\/2024\/03\/lina-1-640x480-1-300x225.jpg 300w, https:\/\/perezymarmolejo.com\/wp-content\/uploads\/2024\/03\/lina-1-640x480-1-600x450.jpg 600w\" sizes=\"(max-width: 640px) 100vw, 640px\" \/>\t\t\t\t\t\t\t\t\t\t\t\t\t\t\t<\/div>\n\t\t\t\t<\/div>\n\t\t\t\t\t<\/div>\n\t\t<\/div>\n\t\t\t\t<div class=\"elementor-column elementor-col-50 elementor-inner-column elementor-element elementor-element-e563a4c\" data-id=\"e563a4c\" data-element_type=\"column\" data-e-type=\"column\" data-settings=\"{&quot;background_background&quot;:&quot;classic&quot;}\">\n\t\t\t<div class=\"elementor-widget-wrap elementor-element-populated\">\n\t\t\t\t\t<div class=\"elementor-background-overlay\"><\/div>\n\t\t\t\t\t\t<div class=\"elementor-element elementor-element-7ed890b elementor-widget elementor-widget-image\" data-id=\"7ed890b\" data-element_type=\"widget\" data-e-type=\"widget\" data-widget_type=\"image.default\">\n\t\t\t\t<div class=\"elementor-widget-container\">\n\t\t\t\t\t\t\t\t\t\t\t\t\t\t\t<img decoding=\"async\" width=\"640\" height=\"480\" src=\"https:\/\/perezymarmolejo.com\/wp-content\/uploads\/2024\/03\/brackets-640x480-1.jpeg\" class=\"attachment-full size-full wp-image-13231\" alt=\"\" srcset=\"https:\/\/perezymarmolejo.com\/wp-content\/uploads\/2024\/03\/brackets-640x480-1.jpeg 640w, https:\/\/perezymarmolejo.com\/wp-content\/uploads\/2024\/03\/brackets-640x480-1-300x225.jpeg 300w, https:\/\/perezymarmolejo.com\/wp-content\/uploads\/2024\/03\/brackets-640x480-1-600x450.jpeg 600w\" sizes=\"(max-width: 640px) 100vw, 640px\" \/>\t\t\t\t\t\t\t\t\t\t\t\t\t\t\t<\/div>\n\t\t\t\t<\/div>\n\t\t\t\t<div class=\"elementor-element elementor-element-082b332 elementor-widget elementor-widget-heading\" data-id=\"082b332\" data-element_type=\"widget\" data-e-type=\"widget\" data-widget_type=\"heading.default\">\n\t\t\t\t<div class=\"elementor-widget-container\">\n\t\t\t\t\t<h4 class=\"elementor-heading-title elementor-size-default\">Instalaciones<\/h4>\t\t\t\t<\/div>\n\t\t\t\t<\/div>\n\t\t\t\t<div class=\"elementor-element elementor-element-11b56cc elementor-widget elementor-widget-heading\" data-id=\"11b56cc\" data-element_type=\"widget\" data-e-type=\"widget\" data-widget_type=\"heading.default\">\n\t\t\t\t<div class=\"elementor-widget-container\">\n\t\t\t\t\t<h6 class=\"elementor-heading-title elementor-size-default\">Certificadas<\/h6>\t\t\t\t<\/div>\n\t\t\t\t<\/div>\n\t\t\t\t\t<\/div>\n\t\t<\/div>\n\t\t\t\t\t<\/div>\n\t\t<\/section>\n\t\t\t\t\t<\/div>\n\t\t<\/div>\n\t\t\t\t\t<\/div>\n\t\t<\/section>\n\t\t\t\t<section class=\"elementor-section elementor-top-section elementor-element elementor-element-56f147c elementor-section-content-middle elementor-section-stretched elementor-section-boxed elementor-section-height-default elementor-section-height-default\" data-id=\"56f147c\" data-element_type=\"section\" data-e-type=\"section\" data-settings=\"{&quot;stretch_section&quot;:&quot;section-stretched&quot;,&quot;background_background&quot;:&quot;classic&quot;}\">\n\t\t\t\t\t\t\t<div class=\"elementor-background-overlay\"><\/div>\n\t\t\t\t\t\t\t<div class=\"elementor-container elementor-column-gap-default\">\n\t\t\t\t\t<div class=\"elementor-column elementor-col-50 elementor-top-column elementor-element elementor-element-42e53d5\" data-id=\"42e53d5\" data-element_type=\"column\" data-e-type=\"column\">\n\t\t\t<div class=\"elementor-widget-wrap elementor-element-populated\">\n\t\t\t\t\t\t<div class=\"elementor-element elementor-element-66047ae elementor-widget elementor-widget-image\" data-id=\"66047ae\" data-element_type=\"widget\" data-e-type=\"widget\" data-widget_type=\"image.default\">\n\t\t\t\t<div class=\"elementor-widget-container\">\n\t\t\t\t\t\t\t\t\t\t\t\t\t\t\t<img decoding=\"async\" width=\"1024\" height=\"1024\" src=\"https:\/\/perezymarmolejo.com\/wp-content\/uploads\/2024\/03\/Clinica-de-ortodoncia-Cali-1024x1024.jpg\" class=\"attachment-large size-large wp-image-13230\" alt=\"\" srcset=\"https:\/\/perezymarmolejo.com\/wp-content\/uploads\/2024\/03\/Clinica-de-ortodoncia-Cali-1024x1024.jpg 1024w, https:\/\/perezymarmolejo.com\/wp-content\/uploads\/2024\/03\/Clinica-de-ortodoncia-Cali-300x300.jpg 300w, https:\/\/perezymarmolejo.com\/wp-content\/uploads\/2024\/03\/Clinica-de-ortodoncia-Cali-150x150.jpg 150w, https:\/\/perezymarmolejo.com\/wp-content\/uploads\/2024\/03\/Clinica-de-ortodoncia-Cali-768x768.jpg 768w, https:\/\/perezymarmolejo.com\/wp-content\/uploads\/2024\/03\/Clinica-de-ortodoncia-Cali-720x720.jpg 720w, https:\/\/perezymarmolejo.com\/wp-content\/uploads\/2024\/03\/Clinica-de-ortodoncia-Cali-600x600.jpg 600w, https:\/\/perezymarmolejo.com\/wp-content\/uploads\/2024\/03\/Clinica-de-ortodoncia-Cali-100x100.jpg 100w, https:\/\/perezymarmolejo.com\/wp-content\/uploads\/2024\/03\/Clinica-de-ortodoncia-Cali.jpg 1080w\" sizes=\"(max-width: 1024px) 100vw, 1024px\" \/>\t\t\t\t\t\t\t\t\t\t\t\t\t\t\t<\/div>\n\t\t\t\t<\/div>\n\t\t\t\t\t<\/div>\n\t\t<\/div>\n\t\t\t\t<div class=\"elementor-column elementor-col-50 elementor-top-column elementor-element elementor-element-284d121\" data-id=\"284d121\" data-element_type=\"column\" data-e-type=\"column\">\n\t\t\t<div class=\"elementor-widget-wrap elementor-element-populated\">\n\t\t\t\t\t\t<div class=\"elementor-element elementor-element-2d8894c elementor-mobile-align-center elementor-widget elementor-widget-button\" data-id=\"2d8894c\" data-element_type=\"widget\" data-e-type=\"widget\" data-widget_type=\"button.default\">\n\t\t\t\t<div class=\"elementor-widget-container\">\n\t\t\t\t\t\t\t\t\t<div class=\"elementor-button-wrapper\">\n\t\t\t\t\t<a class=\"elementor-button elementor-button-link elementor-size-sm\" href=\"#\">\n\t\t\t\t\t\t<span class=\"elementor-button-content-wrapper\">\n\t\t\t\t\t\t\t\t\t<span class=\"elementor-button-text\">M\u00e1s sobre este servicio<\/span>\n\t\t\t\t\t<\/span>\n\t\t\t\t\t<\/a>\n\t\t\t\t<\/div>\n\t\t\t\t\t\t\t\t<\/div>\n\t\t\t\t<\/div>\n\t\t\t\t<div class=\"elementor-element elementor-element-d3fbc7a elementor-widget elementor-widget-heading\" data-id=\"d3fbc7a\" data-element_type=\"widget\" data-e-type=\"widget\" data-widget_type=\"heading.default\">\n\t\t\t\t<div class=\"elementor-widget-container\">\n\t\t\t\t\t<h2 class=\"elementor-heading-title elementor-size-default\">Salud oral mejorada: <\/h2>\t\t\t\t<\/div>\n\t\t\t\t<\/div>\n\t\t\t\t<section class=\"elementor-section elementor-inner-section elementor-element elementor-element-22a555b elementor-section-full_width elementor-section-height-default elementor-section-height-default\" data-id=\"22a555b\" data-element_type=\"section\" data-e-type=\"section\">\n\t\t\t\t\t\t<div class=\"elementor-container elementor-column-gap-default\">\n\t\t\t\t\t<div class=\"elementor-column elementor-col-100 elementor-inner-column elementor-element elementor-element-905356c\" data-id=\"905356c\" data-element_type=\"column\" data-e-type=\"column\">\n\t\t\t<div class=\"elementor-widget-wrap elementor-element-populated\">\n\t\t\t\t\t\t<div class=\"elementor-element elementor-element-8acf7c7 elementor-widget elementor-widget-heading\" data-id=\"8acf7c7\" data-element_type=\"widget\" data-e-type=\"widget\" data-widget_type=\"heading.default\">\n\t\t\t\t<div class=\"elementor-widget-container\">\n\t\t\t\t\t<p class=\"elementor-heading-title elementor-size-default\">La ortodoncia corrige problemas de mordida y alinea los dientes, reduciendo el riesgo de enfermedades periodontales y caries, lo que mejora la digesti\u00f3n y la nutrici\u00f3n.<\/p>\t\t\t\t<\/div>\n\t\t\t\t<\/div>\n\t\t\t\t<div class=\"elementor-element elementor-element-f9aaa5c elementor-widget elementor-widget-heading\" data-id=\"f9aaa5c\" data-element_type=\"widget\" data-e-type=\"widget\" data-widget_type=\"heading.default\">\n\t\t\t\t<div class=\"elementor-widget-container\">\n\t\t\t\t\t<h2 class=\"elementor-heading-title elementor-size-default\">Aumento de la confianza: <\/h2>\t\t\t\t<\/div>\n\t\t\t\t<\/div>\n\t\t\t\t\t<\/div>\n\t\t<\/div>\n\t\t\t\t\t<\/div>\n\t\t<\/section>\n\t\t\t\t<div class=\"elementor-element elementor-element-44d25e6 elementor-widget elementor-widget-heading\" data-id=\"44d25e6\" data-element_type=\"widget\" data-e-type=\"widget\" data-widget_type=\"heading.default\">\n\t\t\t\t<div class=\"elementor-widget-container\">\n\t\t\t\t\t<p class=\"elementor-heading-title elementor-size-default\">Una sonrisa m\u00e1s recta y atractiva mejora la autoestima y la confianza en uno mismo, abriendo oportunidades en lo personal y profesional.<\/p>\t\t\t\t<\/div>\n\t\t\t\t<\/div>\n\t\t\t\t<div class=\"elementor-element elementor-element-da27861 elementor-widget elementor-widget-heading\" data-id=\"da27861\" data-element_type=\"widget\" data-e-type=\"widget\" data-widget_type=\"heading.default\">\n\t\t\t\t<div class=\"elementor-widget-container\">\n\t\t\t\t\t<h2 class=\"elementor-heading-title elementor-size-default\">Menor riesgo de lesiones y molestias: <\/h2>\t\t\t\t<\/div>\n\t\t\t\t<\/div>\n\t\t\t\t<div class=\"elementor-element elementor-element-c7170da elementor-widget elementor-widget-heading\" data-id=\"c7170da\" data-element_type=\"widget\" data-e-type=\"widget\" data-widget_type=\"heading.default\">\n\t\t\t\t<div class=\"elementor-widget-container\">\n\t\t\t\t\t<p class=\"elementor-heading-title elementor-size-default\">Corregir la mordida reduce dolores de cabeza, problemas de mand\u00edbula y previene lesiones relacionadas con la boca y la mand\u00edbula.<\/p>\t\t\t\t<\/div>\n\t\t\t\t<\/div>\n\t\t\t\t<div class=\"elementor-element elementor-element-3cea447 elementor-widget elementor-widget-heading\" data-id=\"3cea447\" data-element_type=\"widget\" data-e-type=\"widget\" data-widget_type=\"heading.default\">\n\t\t\t\t<div class=\"elementor-widget-container\">\n\t\t\t\t\t<h2 class=\"elementor-heading-title elementor-size-default\">Facilita la higiene dental: <\/h2>\t\t\t\t<\/div>\n\t\t\t\t<\/div>\n\t\t\t\t<div class=\"elementor-element elementor-element-7396939 elementor-widget elementor-widget-heading\" data-id=\"7396939\" data-element_type=\"widget\" data-e-type=\"widget\" data-widget_type=\"heading.default\">\n\t\t\t\t<div class=\"elementor-widget-container\">\n\t\t\t\t\t<p class=\"elementor-heading-title elementor-size-default\">Los dientes alineados son m\u00e1s f\u00e1ciles de limpiar, lo que reduce la acumulaci\u00f3n de placa y el riesgo de enfermedades periodontales, adem\u00e1s de contribuir a la prevenci\u00f3n de enfermedades generales como las card\u00edacas y la diabetes.<\/p>\t\t\t\t<\/div>\n\t\t\t\t<\/div>\n\t\t\t\t<section class=\"elementor-section elementor-inner-section elementor-element elementor-element-c91cdff elementor-section-content-middle elementor-section-full_width elementor-section-height-default elementor-section-height-default\" data-id=\"c91cdff\" data-element_type=\"section\" data-e-type=\"section\">\n\t\t\t\t\t\t<div class=\"elementor-container elementor-column-gap-default\">\n\t\t\t\t\t<div class=\"elementor-column elementor-col-50 elementor-inner-column elementor-element elementor-element-9eb2704\" data-id=\"9eb2704\" data-element_type=\"column\" data-e-type=\"column\">\n\t\t\t<div class=\"elementor-widget-wrap\">\n\t\t\t\t\t\t\t<\/div>\n\t\t<\/div>\n\t\t\t\t<div class=\"elementor-column elementor-col-50 elementor-inner-column elementor-element elementor-element-839c33a\" data-id=\"839c33a\" data-element_type=\"column\" data-e-type=\"column\" data-settings=\"{&quot;background_background&quot;:&quot;classic&quot;}\">\n\t\t\t<div class=\"elementor-widget-wrap elementor-element-populated\">\n\t\t\t\t\t\t<div class=\"elementor-element elementor-element-2fcf486 elementor-widget elementor-widget-image\" data-id=\"2fcf486\" data-element_type=\"widget\" data-e-type=\"widget\" data-widget_type=\"image.default\">\n\t\t\t\t<div class=\"elementor-widget-container\">\n\t\t\t\t\t\t\t\t\t\t\t\t\t\t\t<img loading=\"lazy\" decoding=\"async\" width=\"724\" height=\"289\" src=\"https:\/\/perezymarmolejo.com\/wp-content\/uploads\/2023\/07\/logo_perez_y_marmolejo_black.png\" class=\"attachment-full size-full wp-image-12383\" alt=\"\" srcset=\"https:\/\/perezymarmolejo.com\/wp-content\/uploads\/2023\/07\/logo_perez_y_marmolejo_black.png 724w, https:\/\/perezymarmolejo.com\/wp-content\/uploads\/2023\/07\/logo_perez_y_marmolejo_black-300x120.png 300w, https:\/\/perezymarmolejo.com\/wp-content\/uploads\/2023\/07\/logo_perez_y_marmolejo_black-600x240.png 600w\" sizes=\"(max-width: 724px) 100vw, 724px\" \/>\t\t\t\t\t\t\t\t\t\t\t\t\t\t\t<\/div>\n\t\t\t\t<\/div>\n\t\t\t\t\t<\/div>\n\t\t<\/div>\n\t\t\t\t\t<\/div>\n\t\t<\/section>\n\t\t\t\t\t<\/div>\n\t\t<\/div>\n\t\t\t\t\t<\/div>\n\t\t<\/section>\n\t\t\t\t<section class=\"elementor-section elementor-top-section elementor-element elementor-element-55d08bb elementor-section-boxed elementor-section-height-default elementor-section-height-default\" data-id=\"55d08bb\" data-element_type=\"section\" data-e-type=\"section\">\n\t\t\t\t\t\t<div class=\"elementor-container elementor-column-gap-default\">\n\t\t\t\t\t<div class=\"elementor-column elementor-col-100 elementor-top-column elementor-element elementor-element-55741ec\" data-id=\"55741ec\" data-element_type=\"column\" data-e-type=\"column\">\n\t\t\t<div class=\"elementor-widget-wrap elementor-element-populated\">\n\t\t\t\t\t\t<div class=\"elementor-element elementor-element-78399af elementor-widget elementor-widget-heading\" data-id=\"78399af\" data-element_type=\"widget\" data-e-type=\"widget\" data-widget_type=\"heading.default\">\n\t\t\t\t<div class=\"elementor-widget-container\">\n\t\t\t\t\t<h2 class=\"elementor-heading-title elementor-size-default\">Otros servicios<\/h2>\t\t\t\t<\/div>\n\t\t\t\t<\/div>\n\t\t\t\t<div class=\"elementor-element elementor-element-2867200 elementor-nav-menu__align-center elementor-nav-menu--dropdown-tablet elementor-nav-menu__text-align-aside elementor-nav-menu--toggle elementor-nav-menu--burger elementor-widget elementor-widget-nav-menu\" data-id=\"2867200\" data-element_type=\"widget\" data-e-type=\"widget\" data-settings=\"{&quot;layout&quot;:&quot;horizontal&quot;,&quot;submenu_icon&quot;:{&quot;value&quot;:&quot;&lt;i class=\\&quot;fas fa-caret-down\\&quot; aria-hidden=\\&quot;true\\&quot;&gt;&lt;\\\/i&gt;&quot;,&quot;library&quot;:&quot;fa-solid&quot;},&quot;toggle&quot;:&quot;burger&quot;}\" data-widget_type=\"nav-menu.default\">\n\t\t\t\t<div class=\"elementor-widget-container\">\n\t\t\t\t\t\t\t\t<nav aria-label=\"Menu\" class=\"elementor-nav-menu--main elementor-nav-menu__container elementor-nav-menu--layout-horizontal e--pointer-underline e--animation-fade\">\n\t\t\t\t<ul id=\"menu-1-2867200\" class=\"elementor-nav-menu\"><li class=\"menu-item menu-item-type-post_type menu-item-object-page menu-item-13196\"><a href=\"https:\/\/perezymarmolejo.com\/?page_id=13160\" class=\"elementor-item\">Dise\u00f1o de Sonrisa<\/a><\/li>\n<li class=\"menu-item menu-item-type-post_type menu-item-object-page menu-item-13197\"><a href=\"https:\/\/perezymarmolejo.com\/?page_id=1730\" class=\"elementor-item\">Armonizaci\u00f3n Orofacial\u200b<\/a><\/li>\n<li class=\"menu-item menu-item-type-post_type menu-item-object-page menu-item-13222\"><a href=\"https:\/\/perezymarmolejo.com\/?page_id=13216\" class=\"elementor-item\">Servicio de Ortodoncia<\/a><\/li>\n<li class=\"menu-item menu-item-type-post_type menu-item-object-page menu-item-13260\"><a href=\"https:\/\/perezymarmolejo.com\/?page_id=13251\" class=\"elementor-item\">Implantes dentales<\/a><\/li>\n<\/ul>\t\t\t<\/nav>\n\t\t\t\t\t<div class=\"elementor-menu-toggle\" role=\"button\" tabindex=\"0\" aria-label=\"Menu Toggle\" aria-expanded=\"false\">\n\t\t\t<i aria-hidden=\"true\" role=\"presentation\" class=\"elementor-menu-toggle__icon--open eicon-menu-bar\"><\/i><i aria-hidden=\"true\" role=\"presentation\" class=\"elementor-menu-toggle__icon--close eicon-close\"><\/i>\t\t<\/div>\n\t\t\t\t\t<nav class=\"elementor-nav-menu--dropdown elementor-nav-menu__container\" aria-hidden=\"true\">\n\t\t\t\t<ul id=\"menu-2-2867200\" class=\"elementor-nav-menu\"><li class=\"menu-item menu-item-type-post_type menu-item-object-page menu-item-13196\"><a href=\"https:\/\/perezymarmolejo.com\/?page_id=13160\" class=\"elementor-item\" tabindex=\"-1\">Dise\u00f1o de Sonrisa<\/a><\/li>\n<li class=\"menu-item menu-item-type-post_type menu-item-object-page menu-item-13197\"><a href=\"https:\/\/perezymarmolejo.com\/?page_id=1730\" class=\"elementor-item\" tabindex=\"-1\">Armonizaci\u00f3n Orofacial\u200b<\/a><\/li>\n<li class=\"menu-item menu-item-type-post_type menu-item-object-page menu-item-13222\"><a href=\"https:\/\/perezymarmolejo.com\/?page_id=13216\" class=\"elementor-item\" tabindex=\"-1\">Servicio de Ortodoncia<\/a><\/li>\n<li class=\"menu-item menu-item-type-post_type menu-item-object-page menu-item-13260\"><a href=\"https:\/\/perezymarmolejo.com\/?page_id=13251\" class=\"elementor-item\" tabindex=\"-1\">Implantes dentales<\/a><\/li>\n<\/ul>\t\t\t<\/nav>\n\t\t\t\t\t\t<\/div>\n\t\t\t\t<\/div>\n\t\t\t\t\t<\/div>\n\t\t<\/div>\n\t\t\t\t\t<\/div>\n\t\t<\/section>\n\t\t\t\t<\/div>\n\t\t","protected":false},"excerpt":{"rendered":"<p>Servicio de Ortodoncia Es el tratamiento ideal para pacientes que desean tratamientos totalmente est\u00e9ticos, que no pueden asistir constantemente a su control de ortodoncia. Como lo hacemos? Por medio de la ortodoncia podemos obtener una sonrisa alineada, armoniosa y est\u00e9tica, la ortodoncia anteriormente se referenciaba con los Brackets pero en la actualidad manejamos ortodoncias totalmente [&hellip;]<\/p>\n","protected":false},"author":1,"featured_media":0,"parent":0,"menu_order":0,"comment_status":"closed","ping_status":"closed","template":"","meta":{"footnotes":""},"class_list":["post-13216","page","type-page","status-publish","hentry"],"_links":{"self":[{"href":"https:\/\/perezymarmolejo.com\/index.php?rest_route=\/wp\/v2\/pages\/13216","targetHints":{"allow":["GET"]}}],"collection":[{"href":"https:\/\/perezymarmolejo.com\/index.php?rest_route=\/wp\/v2\/pages"}],"about":[{"href":"https:\/\/perezymarmolejo.com\/index.php?rest_route=\/wp\/v2\/types\/page"}],"author":[{"embeddable":true,"href":"https:\/\/perezymarmolejo.com\/index.php?rest_route=\/wp\/v2\/users\/1"}],"replies":[{"embeddable":true,"href":"https:\/\/perezymarmolejo.com\/index.php?rest_route=%2Fwp%2Fv2%2Fcomments&post=13216"}],"version-history":[{"count":43,"href":"https:\/\/perezymarmolejo.com\/index.php?rest_route=\/wp\/v2\/pages\/13216\/revisions"}],"predecessor-version":[{"id":13340,"href":"https:\/\/perezymarmolejo.com\/index.php?rest_route=\/wp\/v2\/pages\/13216\/revisions\/13340"}],"wp:attachment":[{"href":"https:\/\/perezymarmolejo.com\/index.php?rest_route=%2Fwp%2Fv2%2Fmedia&parent=13216"}],"curies":[{"name":"wp","href":"https:\/\/api.w.org\/{rel}","templated":true}]}}